{"id":40,"date":"2025-11-23T12:40:42","date_gmt":"2025-11-23T11:40:42","guid":{"rendered":"http:\/\/wordpress.offlanges.fr\/?page_id=40"},"modified":"2025-12-02T09:44:04","modified_gmt":"2025-12-02T08:44:04","slug":"mentions-legales","status":"publish","type":"page","link":"https:\/\/www.offlanges.fr\/index.php\/mentions-legales\/","title":{"rendered":"Mentions l\u00e9gales"},"content":{"rendered":"\n<h3 class=\"wp-block-heading has-vivid-cyan-blue-color has-text-color has-link-color wp-elements-185a37d1d450820edf9e92efd53fd931\">Propri\u00e9taire et \u00e9diteur du site<\/h3>\n\n\n\n<p>Commune d&rsquo;Offlanges<br>Num\u00e9ro Siren : 213 903 925<br>Siege Social : Place Charles Boisseau, 39290 OFFLANGES<br>Cr\u00e9dit photographique : Commune d&rsquo;Offlanges<br>Toute reproduction, distribution, modification, retransmission ou publication de ces diff\u00e9rents \u00e9l\u00e9ments est strictement interdite sans l\u2019accord expr\u00e8s par \u00e9crit.<\/p>\n\n\n\n<h3 class=\"wp-block-heading has-vivid-cyan-blue-color has-text-color has-link-color wp-elements-a49dbd3383d39febb6167f6edffa64ce\">Cr\u00e9ation et h\u00e9bergement du site<\/h3>\n\n\n\n<p>Cr\u00e9ation : <mark style=\"background-color:rgba(0, 0, 0, 0);color:#0693e3\" class=\"has-inline-color\">Mairie d&rsquo;Offlanges<\/mark><br>H\u00e9bergement : <mark style=\"background-color:rgba(0, 0, 0, 0);color:#0693e3\" class=\"has-inline-color\">ARICIA<\/mark> 4 rue de l&rsquo;Eglise, 39270 ORGELET<\/p>\n\n\n\n<h3 class=\"wp-block-heading has-vivid-cyan-blue-color has-text-color has-link-color wp-elements-df2f04b9544cf876cb79536be0f4dcfa\">Loi informatique et libert\u00e9s<\/h3>\n\n\n\n<p>Conform\u00e9ment \u00e0 la loi Informatique et libert\u00e9s du 6 janvier 1978, nous vous informons que vous disposez d\u2019un droit d\u2019acc\u00e8s, de modification, de rectification et de suppression de votre contribution. Pour cela, \u00e9crivez au si\u00e8ge de la soci\u00e9t\u00e9. Formulaire de contact Les informations recueillies aupr\u00e8s des personnes par le biais du formulaire de contact ne sauraient \u00eatre divulgu\u00e9es \u00e0 des personnes autres que celles composant notre collectivit\u00e9. Toutefois, tel que l\u2019exige la loi Informatique et Libert\u00e9s nous vous informons que vos r\u00e9ponses sont facultatives et que le d\u00e9faut de r\u00e9ponse n\u2019entra\u00eenera aucune cons\u00e9quence particuli\u00e8re. N\u00e9anmoins, vos r\u00e9ponses doivent \u00eatre suffisantes pour nous permettre de traiter l\u2019information.<\/p>\n\n\n\n<h3 class=\"wp-block-heading has-vivid-cyan-blue-color has-text-color has-link-color wp-elements-f77b0c761db8ca6d59c688dddf1ea03e\">Contrefa\u00e7on<\/h3>\n\n\n\n<p>Toute reproduction ou repr\u00e9sentation, en tout ou partie, \u00e0 d&rsquo;autres fins sur un quelconque support est interdite. Le non-respect de cette interdiction constitue une contrefa\u00e7on pouvant engager la responsabilit\u00e9 civile et p\u00e9nale du contrefacteur. Les informations contenues dans ce service sont non contractuelles et sujettes \u00e0 modification sans pr\u00e9avis.<\/p>\n","protected":false},"excerpt":{"rendered":"<p>Propri\u00e9taire et \u00e9diteur du site Commune d&rsquo;OfflangesNum\u00e9ro Siren : 213 903 925Siege Social : Place Charles Boisseau, 39290 OFFLANGESCr\u00e9dit photographique : Commune d&rsquo;OfflangesToute reproduction, distribution, modification, retransmission ou publication de ces diff\u00e9rents \u00e9l\u00e9ments est strictement interdite sans l\u2019accord expr\u00e8s par \u00e9crit. Cr\u00e9ation et h\u00e9bergement du site Cr\u00e9ation : Mairie d&rsquo;OfflangesH\u00e9bergement : ARICIA 4 rue de [&hellip;]<\/p>\n","protected":false},"author":1,"featured_media":0,"parent":0,"menu_order":0,"comment_status":"closed","ping_status":"closed","template":"","meta":{"footnotes":""},"class_list":["post-40","page","type-page","status-publish","hentry"],"_links":{"self":[{"href":"https:\/\/www.offlanges.fr\/index.php\/wp-json\/wp\/v2\/pages\/40","targetHints":{"allow":["GET"]}}],"collection":[{"href":"https:\/\/www.offlanges.fr\/index.php\/wp-json\/wp\/v2\/pages"}],"about":[{"href":"https:\/\/www.offlanges.fr\/index.php\/wp-json\/wp\/v2\/types\/page"}],"author":[{"embeddable":true,"href":"https:\/\/www.offlanges.fr\/index.php\/wp-json\/wp\/v2\/users\/1"}],"replies":[{"embeddable":true,"href":"https:\/\/www.offlanges.fr\/index.php\/wp-json\/wp\/v2\/comments?post=40"}],"version-history":[{"count":8,"href":"https:\/\/www.offlanges.fr\/index.php\/wp-json\/wp\/v2\/pages\/40\/revisions"}],"predecessor-version":[{"id":1688,"href":"https:\/\/www.offlanges.fr\/index.php\/wp-json\/wp\/v2\/pages\/40\/revisions\/1688"}],"wp:attachment":[{"href":"https:\/\/www.offlanges.fr\/index.php\/wp-json\/wp\/v2\/media?parent=40"}],"curies":[{"name":"wp","href":"https:\/\/api.w.org\/{rel}","templated":true}]}}