{"id":3614,"date":"2025-12-12T22:19:46","date_gmt":"2025-12-12T21:19:46","guid":{"rendered":"http:\/\/wordpress.offlanges.fr\/index.php\/foyer-rural\/"},"modified":"2025-12-15T14:18:49","modified_gmt":"2025-12-15T13:18:49","slug":"foyer-rural","status":"publish","type":"page","link":"https:\/\/www.offlanges.fr\/index.php\/foyer-rural\/","title":{"rendered":"Foyer rural"},"content":{"rendered":"\n<div class=\"wp-block-group has-background is-layout-flow wp-block-group-is-layout-flow\" style=\"background-color:#f5f5f5;padding-top:20px;padding-right:20px;padding-bottom:20px;padding-left:20px\"><div class='pt-cv-wrapper'> <div class=\"pt-cv-view pt-cv-blockgrid iscvblock iscvreal grid1 layout1 cveffect-zoomin\" id=\"pt-cv-view-8amt2628\"><div data-id=\"pt-cv-page-1\" class=\"pt-cv-page\" data-cvc=\"3\"><div class=\" pt-cv-content-item pt-cv-1-col\" ><div class=\"pt-cv-thumb-wrapper  \"><a href=\"https:\/\/www.offlanges.fr\/index.php\/2010\/03\/26\/nojeux-2010\/\" class=\"_self pt-cv-href-thumbnail pt-cv-thumb-default\" target=\"_self\" ><img loading=\"lazy\" decoding=\"async\" width=\"768\" height=\"498\" src=\"https:\/\/www.offlanges.fr\/wp-content\/uploads\/2025\/11\/Offlanges_3-768x498.jpg\" class=\"pt-cv-thumbnail\" alt=\"\" \/><\/a><\/div>\n<h4 class=\"pt-cv-title\"><a href=\"https:\/\/www.offlanges.fr\/index.php\/2010\/03\/26\/nojeux-2010\/\" class=\"_self\" target=\"_self\" >NOJEUX 2010<\/a><\/h4>\n<div class=\"pt-cv-content\">Le 04 Juillet prochain se d\u00e9roulera dans notre village la 7e \u00e9dition de la f\u00eate intercommunale de NOJEUX &#8230;<\/div>\n<div class=\"pt-cv-rmwrap\"><a href=\"https:\/\/www.offlanges.fr\/index.php\/2010\/03\/26\/nojeux-2010\/\" class=\"_self pt-cv-readmore btn btn-success\" target=\"_self\" >Lire La Suite\u2026<\/a><\/div>\n<div class=\"pt-cv-meta-fields\"><span class=\"entry-date\"><span class=\"glyphicon glyphicon-calendar\"><\/span> <time datetime=\"2010-03-26T18:49:00+01:00\">26 mars 2010<\/time><\/span><\/div><\/div><\/div><\/div> <\/div> <style>\n\n#pt-cv-view-8amt2628 .pt-cv-content-item { background-color: #ffffff;padding: 0px 0px 0px 0px; }#pt-cv-view-8amt2628 .pt-cv-meta-fields { padding: 0px 10px 0px 10px; }#pt-cv-view-8amt2628 .pt-cv-meta-fields * { font-size: 13px; }#pt-cv-view-8amt2628 .pt-cv-thumb-wrapper:not(.miniwrap) {  }#pt-cv-view-8amt2628 .pt-cv-thumbnail:not(.pt-cv-thumbnailsm) { height: 250px; }#pt-cv-view-8amt2628 .pt-cv-title a { display: block;padding: 0px 10px 0px 10px; }#pt-cv-view-8amt2628 .pt-cv-title:not(.pt-cv-titlesm) a { font-weight: 600;text-decoration: none;font-size: 20px; }#pt-cv-view-8amt2628 .pt-cv-titlesm a { font-weight: 600;font-size: 18px; }#pt-cv-view-8amt2628 .pt-cv-content { font-size: 15px;padding: 0px 10px 0px 10px; }#pt-cv-view-8amt2628 .pt-cv-rmwrap { text-align: right; }#pt-cv-view-8amt2628 .pt-cv-readmore { color: #fff;background-color: #024caa;font-size: 14px;margin: 0px 10px 0px 10px; }#pt-cv-view-8amt2628 .pt-cv-taxoterm {  }#pt-cv-view-8amt2628 .pt-cv-taxoterm * { color: #222;background-color: #fff6f6;font-size: 14px; }#pt-cv-view-8amt2628 + .pt-cv-pagination-wrapper { text-align: center; }#pt-cv-view-8amt2628 + .pt-cv-pagination-wrapper a { font-size: 14px; }#pt-cv-view-8amt2628 > .pt-cv-page {grid-template-columns: repeat(3, 1fr);grid-gap: 20px;}\n@media all and (max-width: 1024px) { \n#pt-cv-view-8amt2628 > .pt-cv-page {}\n} \n@media all and (max-width: 767px) { \n#pt-cv-view-8amt2628 > .pt-cv-page {grid-template-columns: repeat(1, 1fr);}\n} <\/style><\/div>\n","protected":false},"excerpt":{"rendered":"","protected":false},"author":1,"featured_media":0,"parent":0,"menu_order":0,"comment_status":"closed","ping_status":"closed","template":"avec-cadre-titre-vie-associative-et-culturelle","meta":{"footnotes":""},"class_list":["post-3614","page","type-page","status-publish","hentry"],"_links":{"self":[{"href":"https:\/\/www.offlanges.fr\/index.php\/wp-json\/wp\/v2\/pages\/3614","targetHints":{"allow":["GET"]}}],"collection":[{"href":"https:\/\/www.offlanges.fr\/index.php\/wp-json\/wp\/v2\/pages"}],"about":[{"href":"https:\/\/www.offlanges.fr\/index.php\/wp-json\/wp\/v2\/types\/page"}],"author":[{"embeddable":true,"href":"https:\/\/www.offlanges.fr\/index.php\/wp-json\/wp\/v2\/users\/1"}],"replies":[{"embeddable":true,"href":"https:\/\/www.offlanges.fr\/index.php\/wp-json\/wp\/v2\/comments?post=3614"}],"version-history":[{"count":2,"href":"https:\/\/www.offlanges.fr\/index.php\/wp-json\/wp\/v2\/pages\/3614\/revisions"}],"predecessor-version":[{"id":3731,"href":"https:\/\/www.offlanges.fr\/index.php\/wp-json\/wp\/v2\/pages\/3614\/revisions\/3731"}],"wp:attachment":[{"href":"https:\/\/www.offlanges.fr\/index.php\/wp-json\/wp\/v2\/media?parent=3614"}],"curies":[{"name":"wp","href":"https:\/\/api.w.org\/{rel}","templated":true}]}}