{"id":3603,"date":"2025-12-12T22:01:49","date_gmt":"2025-12-12T21:01:49","guid":{"rendered":"http:\/\/wordpress.offlanges.fr\/index.php\/patrimoine-bati\/"},"modified":"2025-12-16T14:31:00","modified_gmt":"2025-12-16T13:31:00","slug":"patrimoine","status":"publish","type":"page","link":"https:\/\/www.offlanges.fr\/index.php\/patrimoine\/","title":{"rendered":"Patrimoine"},"content":{"rendered":"\n<div class=\"wp-block-group has-background is-layout-flow wp-block-group-is-layout-flow\" style=\"background-color:#f5f5f5;padding-top:20px;padding-right:20px;padding-bottom:20px;padding-left:20px\"><div class='pt-cv-wrapper'> <div class=\"pt-cv-view pt-cv-blockgrid iscvblock iscvreal grid1 layout1 cveffect-zoomin\" id=\"pt-cv-view-8amt2628\"><div data-id=\"pt-cv-page-1\" class=\"pt-cv-page\" data-cvc=\"3\"><div class=\" pt-cv-content-item pt-cv-1-col\" ><div class=\"pt-cv-thumb-wrapper  \"><a href=\"https:\/\/www.offlanges.fr\/index.php\/2025\/12\/21\/dictionnaire-a-rousset\/\" class=\"_self pt-cv-href-thumbnail pt-cv-thumb-default\" target=\"_self\" ><img loading=\"lazy\" decoding=\"async\" width=\"768\" height=\"496\" src=\"https:\/\/www.offlanges.fr\/wp-content\/uploads\/2025\/12\/OfflangesPuis1-768x496.jpg\" class=\"pt-cv-thumbnail\" alt=\"\" \/><\/a><\/div>\n<h4 class=\"pt-cv-title\"><a href=\"https:\/\/www.offlanges.fr\/index.php\/2025\/12\/21\/dictionnaire-a-rousset\/\" class=\"_self\" target=\"_self\" >Dictionnaire\u00a0A. ROUSSET<\/a><\/h4>\n<div class=\"pt-cv-content\"><em>Extrait du \u00ab\u2009Dictionnaire G\u00e9ographique, Historique et Statistique des communes du d\u00e9partement du Jura\u2009\u00bb &#8211; Tome 4 (1856)<\/em> &#8230;<\/div>\n<div class=\"pt-cv-rmwrap\"><a href=\"https:\/\/www.offlanges.fr\/index.php\/2025\/12\/21\/dictionnaire-a-rousset\/\" class=\"_self pt-cv-readmore btn btn-success\" target=\"_self\" >Lire La Suite\u2026<\/a><\/div>\n<div class=\"pt-cv-meta-fields\"><span class=\"entry-date\"><span class=\"glyphicon glyphicon-calendar\"><\/span> <time datetime=\"2025-12-21T17:00:39+01:00\">21 d\u00e9cembre 2025<\/time><\/span><\/div><\/div>\n<div class=\" pt-cv-content-item pt-cv-1-col\" ><div class=\"pt-cv-thumb-wrapper  \"><a href=\"https:\/\/www.offlanges.fr\/index.php\/2023\/06\/09\/massif-de-la-serre\/\" class=\"_self pt-cv-href-thumbnail pt-cv-thumb-default\" target=\"_self\" ><img loading=\"lazy\" decoding=\"async\" width=\"768\" height=\"576\" src=\"https:\/\/www.offlanges.fr\/wp-content\/uploads\/2023\/06\/juratourisme-12578-a5-768x576.jpg\" class=\"pt-cv-thumbnail\" alt=\"\" \/><\/a><\/div>\n<h4 class=\"pt-cv-title\"><a href=\"https:\/\/www.offlanges.fr\/index.php\/2023\/06\/09\/massif-de-la-serre\/\" class=\"_self\" target=\"_self\" >Massif de la Serre<\/a><\/h4>\n<div class=\"pt-cv-content\">Curiosit\u00e9 g\u00e9ologique situ\u00e9e au nord du d\u00e9partement du Jura, le massif forestier de la Serre m\u00e9rite d\u2019\u00eatre mieux connu pour de nombreuses raisons touchant des domaines aussi divers que l\u2019histoire &#8230;<\/div>\n<div class=\"pt-cv-rmwrap\"><a href=\"https:\/\/www.offlanges.fr\/index.php\/2023\/06\/09\/massif-de-la-serre\/\" class=\"_self pt-cv-readmore btn btn-success\" target=\"_self\" >Lire La Suite\u2026<\/a><\/div>\n<div class=\"pt-cv-meta-fields\"><span class=\"entry-date\"><span class=\"glyphicon glyphicon-calendar\"><\/span> <time datetime=\"2023-06-09T23:09:00+02:00\">9 juin 2023<\/time><\/span><\/div><\/div>\n<div class=\" pt-cv-content-item pt-cv-1-col\" ><div class=\"pt-cv-thumb-wrapper  \"><a href=\"https:\/\/www.offlanges.fr\/index.php\/2018\/07\/21\/eglise-notre-dame-de-lassomption-de-la-vierge-marie\/\" class=\"_self pt-cv-href-thumbnail pt-cv-thumb-default\" target=\"_self\" ><img loading=\"lazy\" decoding=\"async\" width=\"768\" height=\"928\" src=\"https:\/\/www.offlanges.fr\/wp-content\/uploads\/2025\/11\/Eglise1-768x928.jpg\" class=\"pt-cv-thumbnail\" alt=\"\" \/><\/a><\/div>\n<h4 class=\"pt-cv-title\"><a href=\"https:\/\/www.offlanges.fr\/index.php\/2018\/07\/21\/eglise-notre-dame-de-lassomption-de-la-vierge-marie\/\" class=\"_self\" target=\"_self\" >\u00c9glise Notre Dame de l\u2019Assomption de la Vierge Marie<\/a><\/h4>\n<div class=\"pt-cv-content\">Au XIe si\u00e8cle, il y a mille ans, Offlanges formait d\u00e9j\u00e0 une paroisse attach\u00e9e \u00e0 l\u2019\u00e9glise m\u00e9tropolitaine de Besan\u00e7on. Suite aux guerres du XVe si\u00e8cle, la population ayant fortement diminu\u00e9, &#8230;<\/div>\n<div class=\"pt-cv-rmwrap\"><a href=\"https:\/\/www.offlanges.fr\/index.php\/2018\/07\/21\/eglise-notre-dame-de-lassomption-de-la-vierge-marie\/\" class=\"_self pt-cv-readmore btn btn-success\" target=\"_self\" >Lire La Suite\u2026<\/a><\/div>\n<div class=\"pt-cv-meta-fields\"><span class=\"entry-date\"><span class=\"glyphicon glyphicon-calendar\"><\/span> <time datetime=\"2018-07-21T09:52:33+02:00\">21 juillet 2018<\/time><\/span><\/div><\/div>\n<div class=\" pt-cv-content-item pt-cv-1-col\" ><div class=\"pt-cv-thumb-wrapper  \"><a href=\"https:\/\/www.offlanges.fr\/index.php\/2013\/07\/26\/confrerie-de-sainte-anne\/\" class=\"_self pt-cv-href-thumbnail pt-cv-thumb-default\" target=\"_self\" ><img loading=\"lazy\" decoding=\"async\" width=\"768\" height=\"576\" src=\"https:\/\/www.offlanges.fr\/wp-content\/uploads\/2025\/11\/100_6546-768x576.jpg\" class=\"pt-cv-thumbnail\" alt=\"\" \/><\/a><\/div>\n<h4 class=\"pt-cv-title\"><a href=\"https:\/\/www.offlanges.fr\/index.php\/2013\/07\/26\/confrerie-de-sainte-anne\/\" class=\"_self\" target=\"_self\" >Confr\u00e9rie de Sainte-Anne<\/a><\/h4>\n<div class=\"pt-cv-content\"><br \/>Il existe \u00e0 Offlanges la confr\u00e9rie de Sainte-Anne qui perp\u00e9tue, depuis 1616, une tradition toujours vivante aujourd\u2019hui. Chaque ann\u00e9e, un nouveau b\u00e2tonnier re\u00e7oit de son pr\u00e9d\u00e9cesseur la statue de Sainte-Anne &#8230;<\/div>\n<div class=\"pt-cv-rmwrap\"><a href=\"https:\/\/www.offlanges.fr\/index.php\/2013\/07\/26\/confrerie-de-sainte-anne\/\" class=\"_self pt-cv-readmore btn btn-success\" target=\"_self\" >Lire La Suite\u2026<\/a><\/div>\n<div class=\"pt-cv-meta-fields\"><span class=\"entry-date\"><span class=\"glyphicon glyphicon-calendar\"><\/span> <time datetime=\"2013-07-26T10:01:26+02:00\">26 juillet 2013<\/time><\/span><\/div><\/div>\n<div class=\" pt-cv-content-item pt-cv-1-col\" ><div class=\"pt-cv-thumb-wrapper  \"><a href=\"https:\/\/www.offlanges.fr\/index.php\/2013\/03\/07\/un-blason-pour-offlanges\/\" class=\"_self pt-cv-href-thumbnail pt-cv-thumb-default\" target=\"_self\" ><img loading=\"lazy\" decoding=\"async\" width=\"512\" height=\"390\" src=\"https:\/\/www.offlanges.fr\/wp-content\/uploads\/2025\/11\/Blason-dOfflanges.png\" class=\"pt-cv-thumbnail\" alt=\"\" \/><\/a><\/div>\n<h4 class=\"pt-cv-title\"><a href=\"https:\/\/www.offlanges.fr\/index.php\/2013\/03\/07\/un-blason-pour-offlanges\/\" class=\"_self\" target=\"_self\" >Un blason pour Offlanges<\/a><\/h4>\n<div class=\"pt-cv-content\">La commune d\u2019Offlanges n\u2019a jamais eu d\u2019armoiries par le pass\u00e9. Le conseil municipal a donc d\u00e9cid\u00e9 de s\u2019adresser \u00e0 l\u2019un des meilleurs sp\u00e9cialistes en h\u00e9raldique (science des blasons), membre associ\u00e9 &#8230;<\/div>\n<div class=\"pt-cv-rmwrap\"><a href=\"https:\/\/www.offlanges.fr\/index.php\/2013\/03\/07\/un-blason-pour-offlanges\/\" class=\"_self pt-cv-readmore btn btn-success\" target=\"_self\" >Lire La Suite\u2026<\/a><\/div>\n<div class=\"pt-cv-meta-fields\"><span class=\"entry-date\"><span class=\"glyphicon glyphicon-calendar\"><\/span> <time datetime=\"2013-03-07T11:14:18+01:00\">7 mars 2013<\/time><\/span><\/div><\/div><\/div><\/div> <\/div> <style>\n\n#pt-cv-view-8amt2628 .pt-cv-content-item { background-color: #ffffff;padding: 0px 0px 0px 0px; }#pt-cv-view-8amt2628 .pt-cv-meta-fields { padding: 0px 10px 0px 10px; }#pt-cv-view-8amt2628 .pt-cv-meta-fields * { font-size: 13px; }#pt-cv-view-8amt2628 .pt-cv-thumb-wrapper:not(.miniwrap) {  }#pt-cv-view-8amt2628 .pt-cv-thumbnail:not(.pt-cv-thumbnailsm) { height: 250px; }#pt-cv-view-8amt2628 .pt-cv-title a { display: block;padding: 0px 10px 0px 10px; }#pt-cv-view-8amt2628 .pt-cv-title:not(.pt-cv-titlesm) a { font-weight: 600;text-decoration: none;font-size: 20px; }#pt-cv-view-8amt2628 .pt-cv-titlesm a { font-weight: 600;font-size: 18px; }#pt-cv-view-8amt2628 .pt-cv-content { font-size: 15px;padding: 0px 10px 0px 10px; }#pt-cv-view-8amt2628 .pt-cv-rmwrap { text-align: right; }#pt-cv-view-8amt2628 .pt-cv-readmore { color: #fff;background-color: #024caa;font-size: 14px;margin: 0px 10px 0px 10px; }#pt-cv-view-8amt2628 .pt-cv-taxoterm {  }#pt-cv-view-8amt2628 .pt-cv-taxoterm * { color: #222;background-color: #fff6f6;font-size: 14px; }#pt-cv-view-8amt2628 + .pt-cv-pagination-wrapper { text-align: center; }#pt-cv-view-8amt2628 + .pt-cv-pagination-wrapper a { font-size: 14px; }#pt-cv-view-8amt2628 > .pt-cv-page {grid-template-columns: repeat(3, 1fr);grid-gap: 20px;}\n@media all and (max-width: 1024px) { \n#pt-cv-view-8amt2628 > .pt-cv-page {}\n} \n@media all and (max-width: 767px) { \n#pt-cv-view-8amt2628 > .pt-cv-page {grid-template-columns: repeat(1, 1fr);}\n} <\/style><\/div>\n","protected":false},"excerpt":{"rendered":"","protected":false},"author":1,"featured_media":0,"parent":0,"menu_order":0,"comment_status":"closed","ping_status":"closed","template":"avec-cadre-titre-vie-associative-et-culturelle","meta":{"footnotes":""},"class_list":["post-3603","page","type-page","status-publish","hentry"],"_links":{"self":[{"href":"https:\/\/www.offlanges.fr\/index.php\/wp-json\/wp\/v2\/pages\/3603","targetHints":{"allow":["GET"]}}],"collection":[{"href":"https:\/\/www.offlanges.fr\/index.php\/wp-json\/wp\/v2\/pages"}],"about":[{"href":"https:\/\/www.offlanges.fr\/index.php\/wp-json\/wp\/v2\/types\/page"}],"author":[{"embeddable":true,"href":"https:\/\/www.offlanges.fr\/index.php\/wp-json\/wp\/v2\/users\/1"}],"replies":[{"embeddable":true,"href":"https:\/\/www.offlanges.fr\/index.php\/wp-json\/wp\/v2\/comments?post=3603"}],"version-history":[{"count":4,"href":"https:\/\/www.offlanges.fr\/index.php\/wp-json\/wp\/v2\/pages\/3603\/revisions"}],"predecessor-version":[{"id":3729,"href":"https:\/\/www.offlanges.fr\/index.php\/wp-json\/wp\/v2\/pages\/3603\/revisions\/3729"}],"wp:attachment":[{"href":"https:\/\/www.offlanges.fr\/index.php\/wp-json\/wp\/v2\/media?parent=3603"}],"curies":[{"name":"wp","href":"https:\/\/api.w.org\/{rel}","templated":true}]}}