{"id":3233,"date":"2025-12-12T14:29:45","date_gmt":"2025-12-12T13:29:45","guid":{"rendered":"http:\/\/wordpress.offlanges.fr\/?page_id=3233"},"modified":"2025-12-18T11:23:11","modified_gmt":"2025-12-18T10:23:11","slug":"urbanisme","status":"publish","type":"page","link":"https:\/\/www.offlanges.fr\/index.php\/urbanisme\/","title":{"rendered":"Urbanisme"},"content":{"rendered":"\n<div class=\"wp-block-group alignfull has-background is-layout-flow wp-container-core-group-is-layout-86079e8b wp-block-group-is-layout-flow\" style=\"background-color:#f5f5f5\">\n<div class=\"wp-block-group is-layout-flow wp-block-group-is-layout-flow\" style=\"margin-top:0px;padding-top:0;padding-bottom:15px\">\n<div class=\"wp-block-columns alignfull has-background is-layout-flex wp-container-core-columns-is-layout-83d8d5f7 wp-block-columns-is-layout-flex\" style=\"background-color:#f5f5f5;padding-top:0;padding-right:0;padding-bottom:0;padding-left:0\">\n<div class=\"wp-block-column is-layout-flow wp-block-column-is-layout-flow\" style=\"flex-basis:50%\">\n<div class=\"wp-block-cover is-light has-aspect-ratio\" style=\"min-height:550px;aspect-ratio:16\/9;min-height:unset;\"><img loading=\"lazy\" decoding=\"async\" width=\"570\" height=\"350\" class=\"wp-block-cover__image-background wp-image-3311 size-full\" alt=\"\" src=\"https:\/\/www.offlanges.fr\/wp-content\/uploads\/2025\/12\/Urbanisme-1.jpg\" data-object-fit=\"cover\" srcset=\"https:\/\/www.offlanges.fr\/wp-content\/uploads\/2025\/12\/Urbanisme-1.jpg 570w, https:\/\/www.offlanges.fr\/wp-content\/uploads\/2025\/12\/Urbanisme-1-300x184.jpg 300w\" sizes=\"auto, (max-width: 570px) 100vw, 570px\" \/><span aria-hidden=\"true\" class=\"wp-block-cover__background has-background-dim-0 has-background-dim\" style=\"background-color:#85827f\"><\/span><div class=\"wp-block-cover__inner-container is-layout-flow wp-block-cover-is-layout-flow\">\n<p class=\"has-text-align-center has-large-font-size\"><\/p>\n<\/div><\/div>\n<\/div>\n\n\n\n<div class=\"wp-block-column is-vertically-aligned-top has-global-padding is-layout-constrained wp-block-column-is-layout-constrained\" style=\"flex-basis:50%\">\n<div class=\"wp-block-group is-layout-flow wp-container-core-group-is-layout-a77db08e wp-block-group-is-layout-flow\">\n<h2 class=\"wp-block-heading\" style=\"padding-top:30px;padding-right:60px;padding-bottom:30px;padding-left:60px;font-size:clamp(24.034px, 1.502rem + ((1vw - 3.2px) * 1.597), 40px);line-height:1.3\"><mark style=\"background-color:rgba(0, 0, 0, 0);color:#0693e3\" class=\"has-inline-color\">Le PLUi : <\/mark>Plan Local d&rsquo;Urbanisme intercommunal<\/h2>\n\n\n\n<p style=\"padding-right:60px;padding-bottom:10px;padding-left:60px\">La Communaut\u00e9 de Communes Jura Nord a approuv\u00e9, \u00e0 l\u2019unanimit\u00e9, le Plan Local d\u2019Urbanisme intercommunal <em>(PLUi)<\/em> en date du 28 novembre 2024.<\/p>\n\n\n\n<p class=\"has-link-color wp-elements-5b73eb7162862e00203138115211e7a5\" style=\"padding-top:0px;padding-right:60px;padding-bottom:10px;padding-left:60px\">Vous pouvez consulter le zonage du PLUi et sa r\u00e8glementation sur le site&nbsp;<a href=\"https:\/\/www.geoportail-urbanisme.gouv.fr\/\">G\u00e9oportail-urbanisme<\/a>.<\/p>\n\n\n\n<p class=\"has-link-color wp-elements-133e645a19a0508970c7fdcd41dc87ca\" style=\"padding-top:0px;padding-right:60px;padding-bottom:30px;padding-left:60px\">Le r\u00e8glement du PLUi est \u00e9galement <a href=\"https:\/\/comcomjuranord.sharepoint.com\/Documents%20partages\/Forms\/AllItems.aspx?id=%2FDocuments%20partages%2FDossier%20complet%20PLUi&amp;p=true&amp;ga=1\" target=\"_blank\" rel=\"noreferrer noopener\">t\u00e9l\u00e9chargeable ici<\/a>.<\/p>\n<\/div>\n<\/div>\n<\/div>\n<\/div>\n\n\n\n<div class=\"wp-block-esab-accordion esab-kmqe69qh nested-accordion\" data-mode=\"global\" data-close=\"true\"><div class=\"esab__container\">\n<div class=\"wp-block-esab-accordion-child bs__two\"><div class=\"esab__head esab__head_reverse\" role=\"button\" aria-expanded=\"false\"><div class=\"esab__heading_txt\"><div class=\"esab__icon\"><div class=\"esab__heading_icon\">  <\/div><\/div><p class=\"esab__heading_tag\">Rappels des r\u00e8gles d&rsquo;urbanisme<\/p><\/div><div class=\"esab__icon\"><div class=\"esab__collapse\"> <svg xmlns=\"http:\/\/www.w3.org\/2000\/svg\" width=\"24\" height=\"24\" fill=\"currentColor\" viewBox=\"0 0 16 16\"><path fill-rule=\"evenodd\" d=\"M4.646 1.646a.5.5 0 0 1 .708 0l6 6a.5.5 0 0 1 0 .708l-6 6a.5.5 0 0 1-.708-.708L10.293 8 4.646 2.354a.5.5 0 0 1 0-.708\"><\/path><\/svg> <\/div><div class=\"esab__expand\"> <svg version=\"1.1\" id=\"Layer_1\" x=\"0px\" y=\"0px\" viewBox=\"0 0 512 512\"><path d=\"M505.752,123.582c-8.331-8.331-21.839-8.331-30.17,0L256,343.163L36.418,123.582c-8.331-8.331-21.839-8.331-30.17,0 s-8.331,21.839,0,30.17l234.667,234.667c8.331,8.331,21.839,8.331,30.17,0l234.667-234.667 C514.083,145.42,514.083,131.913,505.752,123.582z\"><\/path><\/svg> <\/div><\/div><\/div><div class=\"esab__body\">\n<p class=\"has-link-color wp-elements-6292428ccd6ace0b8d04f7d8b6bc1554\">Tout projet de construction, d&rsquo;extension ou de modification int\u00e9rieure ou ext\u00e9rieure doit faire l&rsquo;objet d&rsquo;une d\u00e9claration pr\u00e9alable ou d&rsquo;un permis de construire.<\/p>\n\n\n\n<ul class=\"wp-block-list\">\n<li><strong>Nouvelles constructions<\/strong> : garage, abri de jardin, piscine&#8230;<\/li>\n\n\n\n<li><strong>R\u00e9novations ou extensions<\/strong> : agrandissement d&rsquo;une maison, am\u00e9nagement des combles&#8230;<\/li>\n\n\n\n<li><strong>Modifications ext\u00e9rieures<\/strong> : changement de fen\u00eatres, ravalement de fa\u00e7ade, installation de cl\u00f4tures.<\/li>\n<\/ul>\n\n\n\n<p>Ne pas d\u00e9clarer ces travaux est une infraction au Code de l&rsquo;urbanisme, pouvant entra\u00eener des amendes, voire une obligation de remise en \u00e9tat des lieux. Pour plus de d\u00e9tails ou pour d\u00e9poser votre d\u00e9claration, rendez-vous en mairie.<\/p>\n<\/div><\/div>\n\n\n\n<div class=\"wp-block-esab-accordion-child bs__two\"><div class=\"esab__head esab__head_reverse\" role=\"button\" aria-expanded=\"false\"><div class=\"esab__heading_txt\"><div class=\"esab__icon\"><div class=\"esab__heading_icon\">  <\/div><\/div><p class=\"esab__heading_tag\">D\u00e9marches d&rsquo;urbanisme en ligne<\/p><\/div><div class=\"esab__icon\"><div class=\"esab__collapse\"> <svg xmlns=\"http:\/\/www.w3.org\/2000\/svg\" width=\"24\" height=\"24\" fill=\"currentColor\" viewBox=\"0 0 16 16\"><path fill-rule=\"evenodd\" d=\"M4.646 1.646a.5.5 0 0 1 .708 0l6 6a.5.5 0 0 1 0 .708l-6 6a.5.5 0 0 1-.708-.708L10.293 8 4.646 2.354a.5.5 0 0 1 0-.708\"><\/path><\/svg> <\/div><div class=\"esab__expand\"> <svg version=\"1.1\" id=\"Layer_1\" x=\"0px\" y=\"0px\" viewBox=\"0 0 512 512\"><path d=\"M505.752,123.582c-8.331-8.331-21.839-8.331-30.17,0L256,343.163L36.418,123.582c-8.331-8.331-21.839-8.331-30.17,0 s-8.331,21.839,0,30.17l234.667,234.667c8.331,8.331,21.839,8.331,30.17,0l234.667-234.667 C514.083,145.42,514.083,131.913,505.752,123.582z\"><\/path><\/svg> <\/div><\/div><\/div><div class=\"esab__body\">\n<p class=\"has-link-color wp-elements-d20232f77cb96b3ed073da1bc5fa24ef\">O\u00f9 d\u00e9poser mon dossier en ligne ?<\/p>\n\n\n\n<ul class=\"wp-block-list\">\n<li class=\"has-link-color wp-elements-fd4043aae3f43a3b78b5f5684b2bf8fb\">Sur le \u00ab Guichet unique \u00bb accessible sur le site Internet <a href=\"https:\/\/www.grand-dole.fr\/autorisations-urbanisme\" target=\"_blank\" rel=\"noreferrer noopener\">www.grand-dole.fr\/autorisations-urbanisme<\/a><\/li>\n<\/ul>\n\n\n\n<p class=\"has-link-color wp-elements-55e108dbdd241b304f2dc9c12eb35894\">Comment proc\u00e9der ?<\/p>\n\n\n\n<ul class=\"wp-block-list\">\n<li class=\"has-link-color wp-elements-a4832f835e4e73359e20b715341d583e\">Renseignez-vous en mairie sur le type de dossier \u00e0 d\u00e9poser pour vos travaux <em>(DP, PC&#8230;)<\/em> ou sur <a href=\"https:\/\/www.grand-dole.fr\/autorisations-urbanisme\">www.grand-dole.fr\/autorisations-urbanisme<\/a><\/li>\n\n\n\n<li>Pr\u00e9parez les diff\u00e9rents documents \u00e0 joindre <em>(plan de situation, plan de masse, photographies&#8230;)<\/em><br>1 document = 1 fichier<\/li>\n\n\n\n<li>Cr\u00e9ez votre compte personnel sur le \u00ab Guichet unique \u00bb et saisissez votre dossier.<\/li>\n<\/ul>\n\n\n\n<p class=\"has-link-color wp-elements-db2b462298449b6dd36c54acd97550b8\">Besoin d&rsquo;aide ? <a href=\"mailto:ads@grand-dole.fr\">ads@grand-dole.fr<\/a> ou 03 84 79 79 46<\/p>\n<\/div><\/div>\n<\/div><\/div>\n\n\n\n<div class=\"wp-block-cover is-light\" style=\"margin-top:0px;margin-bottom:0px;padding-top:0px;padding-right:0;padding-bottom:0px;padding-left:0;min-height:50px;aspect-ratio:unset;\"><span aria-hidden=\"true\" class=\"wp-block-cover__background has-background-dim-100 has-background-dim\" style=\"background-color:#f5f5f5\"><\/span><div class=\"wp-block-cover__inner-container has-global-padding is-layout-constrained wp-container-core-cover-is-layout-174524ae wp-block-cover-is-layout-constrained\">\n<div class=\"wp-block-group alignwide has-custom-color-5-color has-text-color has-link-color wp-elements-b8dbd30a4b02ad2f59177cab1438eba0 is-layout-flow wp-block-group-is-layout-flow\" style=\"margin-top:0;margin-bottom:0;padding-top:10px;padding-right:10px;padding-bottom:10px;padding-left:10px\">\n<div class=\"wp-block-group alignwide is-layout-flow wp-block-group-is-layout-flow\" style=\"margin-top:0;margin-bottom:0;padding-top:0px;padding-bottom:0px\"><div class='pt-cv-wrapper'> <div class=\"pt-cv-view pt-cv-blockgrid iscvblock iscvreal grid1 layout1 cveffect-zoomin\" id=\"pt-cv-view-iiv3565g\"><div data-id=\"pt-cv-page-1\" class=\"pt-cv-page\" data-cvc=\"3\"><div class=\" pt-cv-content-item pt-cv-1-col\" ><div class=\"pt-cv-thumb-wrapper  \"><a href=\"https:\/\/www.offlanges.fr\/index.php\/2025\/09\/13\/rappel-des-regles-durbanisme\/\" class=\"_self pt-cv-href-thumbnail pt-cv-thumb-default\" target=\"_self\" ><img loading=\"lazy\" decoding=\"async\" width=\"768\" height=\"512\" src=\"https:\/\/www.offlanges.fr\/wp-content\/uploads\/2025\/09\/rnu-urbanisme-768x512.jpg\" class=\"pt-cv-thumbnail\" alt=\"\" \/><\/a><\/div>\n<h4 class=\"pt-cv-title\"><a href=\"https:\/\/www.offlanges.fr\/index.php\/2025\/09\/13\/rappel-des-regles-durbanisme\/\" class=\"_self\" target=\"_self\" >Rappel des r\u00e8gles d&rsquo;urbanisme<\/a><\/h4>\n<div class=\"pt-cv-content\">Tout projet de construction, d\u2019extension ou de modification int\u00e9rieure ou ext\u00e9rieure doit faire l\u2019objet d\u2019une d\u00e9claration pr\u00e9alable ou d\u2019un permis &#8230;<\/div>\n<div class=\"pt-cv-rmwrap\"><a href=\"https:\/\/www.offlanges.fr\/index.php\/2025\/09\/13\/rappel-des-regles-durbanisme\/\" class=\"_self pt-cv-readmore btn btn-success\" target=\"_self\" >Lire La Suite\u2026<\/a><\/div>\n<div class=\"pt-cv-meta-fields\"><span class=\"entry-date\"><span class=\"glyphicon glyphicon-calendar\"><\/span> <time datetime=\"2025-09-13T18:36:00+02:00\">13 septembre 2025<\/time><\/span><\/div><\/div><\/div><\/div> <\/div> <style>\n\n#pt-cv-view-iiv3565g { margin: 0px 0px 0px 0px;padding: 0px 0px 0px 0px; }#pt-cv-view-iiv3565g .pt-cv-content-item { background-color: #ffffff; }#pt-cv-view-iiv3565g .pt-cv-meta-fields { margin: 0px 10px 10px 10px; }#pt-cv-view-iiv3565g .pt-cv-meta-fields * { font-size: 13px; }#pt-cv-view-iiv3565g .pt-cv-thumb-wrapper:not(.miniwrap) {  }#pt-cv-view-iiv3565g .pt-cv-thumbnail:not(.pt-cv-thumbnailsm) { height: 250px; }#pt-cv-view-iiv3565g .pt-cv-title a { display: block;color: #024caa;margin: 0px 10px 0px 10px; }#pt-cv-view-iiv3565g .pt-cv-title:not(.pt-cv-titlesm) a { font-weight: 600;text-decoration: none;font-size: 20px; }#pt-cv-view-iiv3565g .pt-cv-titlesm a { font-weight: 600;font-size: 18px; }#pt-cv-view-iiv3565g .pt-cv-content { font-size: 15px;padding: 0px 10px 0px 10px; }#pt-cv-view-iiv3565g .pt-cv-rmwrap { text-align: right; }#pt-cv-view-iiv3565g .pt-cv-readmore { color: #fff;background-color: #024caa;font-size: 14px;margin: 0px 10px 0px 10px; }#pt-cv-view-iiv3565g .pt-cv-taxoterm {  }#pt-cv-view-iiv3565g .pt-cv-taxoterm * { color: #222;background-color: #fff6f6;font-size: 14px; }#pt-cv-view-iiv3565g + .pt-cv-pagination-wrapper {  }#pt-cv-view-iiv3565g + .pt-cv-pagination-wrapper a { font-size: 14px; }#pt-cv-view-iiv3565g > .pt-cv-page {grid-template-columns: repeat(3, 1fr);grid-gap: 20px;}#pt-cv-view-iiv3565g .pt-cv-title a:hover { color: #ff6900; }#pt-cv-view-iiv3565g .pt-cv-title:not(.pt-cv-titlesm) a:hover {  }#pt-cv-view-iiv3565g .pt-cv-rmwrap:hover {  }#pt-cv-view-iiv3565g .pt-cv-readmore:hover { background-color: #ff6900; }\n@media all and (max-width: 1024px) { \n#pt-cv-view-iiv3565g > .pt-cv-page {}\n} \n@media all and (max-width: 767px) { \n#pt-cv-view-iiv3565g > .pt-cv-page {grid-template-columns: repeat(1, 1fr);}\n} <\/style><\/div>\n<\/div>\n<\/div><\/div>\n<\/div>\n","protected":false},"excerpt":{"rendered":"<p>Le PLUi : Plan Local d&rsquo;Urbanisme intercommunal La Communaut\u00e9 de Communes Jura Nord a approuv\u00e9, \u00e0 l\u2019unanimit\u00e9, le Plan Local d\u2019Urbanisme intercommunal (PLUi) en date du 28 novembre 2024. Vous pouvez consulter le zonage du PLUi et sa r\u00e8glementation sur le site&nbsp;G\u00e9oportail-urbanisme. Le r\u00e8glement du PLUi est \u00e9galement t\u00e9l\u00e9chargeable ici.<\/p>\n","protected":false},"author":1,"featured_media":3943,"parent":0,"menu_order":0,"comment_status":"closed","ping_status":"closed","template":"avec-cadre-titre","meta":{"footnotes":""},"class_list":["post-3233","page","type-page","status-publish","has-post-thumbnail","hentry"],"_links":{"self":[{"href":"https:\/\/www.offlanges.fr\/index.php\/wp-json\/wp\/v2\/pages\/3233","targetHints":{"allow":["GET"]}}],"collection":[{"href":"https:\/\/www.offlanges.fr\/index.php\/wp-json\/wp\/v2\/pages"}],"about":[{"href":"https:\/\/www.offlanges.fr\/index.php\/wp-json\/wp\/v2\/types\/page"}],"author":[{"embeddable":true,"href":"https:\/\/www.offlanges.fr\/index.php\/wp-json\/wp\/v2\/users\/1"}],"replies":[{"embeddable":true,"href":"https:\/\/www.offlanges.fr\/index.php\/wp-json\/wp\/v2\/comments?post=3233"}],"version-history":[{"count":47,"href":"https:\/\/www.offlanges.fr\/index.php\/wp-json\/wp\/v2\/pages\/3233\/revisions"}],"predecessor-version":[{"id":4528,"href":"https:\/\/www.offlanges.fr\/index.php\/wp-json\/wp\/v2\/pages\/3233\/revisions\/4528"}],"wp:featuredmedia":[{"embeddable":true,"href":"https:\/\/www.offlanges.fr\/index.php\/wp-json\/wp\/v2\/media\/3943"}],"wp:attachment":[{"href":"https:\/\/www.offlanges.fr\/index.php\/wp-json\/wp\/v2\/media?parent=3233"}],"curies":[{"name":"wp","href":"https:\/\/api.w.org\/{rel}","templated":true}]}}