{"id":2612,"date":"2025-12-07T18:48:45","date_gmt":"2025-12-07T17:48:45","guid":{"rendered":"http:\/\/wordpress.offlanges.fr\/?page_id=2612"},"modified":"2025-12-13T16:06:09","modified_gmt":"2025-12-13T15:06:09","slug":"vie-associative-et-culturelle","status":"publish","type":"page","link":"https:\/\/www.offlanges.fr\/index.php\/vie-associative-et-culturelle\/","title":{"rendered":"Vie associative et culturelle"},"content":{"rendered":"<div class='pt-cv-wrapper'> <div class=\"pt-cv-view pt-cv-blockgrid iscvblock iscvreal grid1 layout1 cveffect-zoomin\" id=\"pt-cv-view-202rh7cb\"><div data-id=\"pt-cv-page-1\" class=\"pt-cv-page\" data-cvc=\"3\"><div class=\" pt-cv-content-item pt-cv-1-col\" ><div class=\"pt-cv-thumb-wrapper  \"><a href=\"https:\/\/www.offlanges.fr\/index.php\/2026\/05\/01\/offlanges-en-scene\/\" class=\"_self pt-cv-href-thumbnail pt-cv-thumb-default\" target=\"_self\" ><img loading=\"lazy\" decoding=\"async\" width=\"768\" height=\"346\" src=\"https:\/\/www.offlanges.fr\/wp-content\/uploads\/2026\/05\/IMG_20260430_203014-768x346.jpg\" class=\"pt-cv-thumbnail\" alt=\"\" srcset=\"https:\/\/www.offlanges.fr\/wp-content\/uploads\/2026\/05\/IMG_20260430_203014-768x346.jpg 768w, https:\/\/www.offlanges.fr\/wp-content\/uploads\/2026\/05\/IMG_20260430_203014-300x135.jpg 300w, https:\/\/www.offlanges.fr\/wp-content\/uploads\/2026\/05\/IMG_20260430_203014-1024x461.jpg 1024w, https:\/\/www.offlanges.fr\/wp-content\/uploads\/2026\/05\/IMG_20260430_203014-1536x691.jpg 1536w, https:\/\/www.offlanges.fr\/wp-content\/uploads\/2026\/05\/IMG_20260430_203014-2048x922.jpg 2048w\" sizes=\"auto, (max-width: 768px) 100vw, 768px\" \/><\/a><\/div>\n<h4 class=\"pt-cv-title\"><a href=\"https:\/\/www.offlanges.fr\/index.php\/2026\/05\/01\/offlanges-en-scene\/\" class=\"_self\" target=\"_self\" >Offlanges en sc\u00e8ne<\/a><\/h4>\n<div class=\"pt-cv-content\">Depuis quelques jours, la Compagnie la Carotte \u00e9tait pr\u00e9sente dans la cour de la salle des f\u00eates et dans les rues du village afin de recueillir des anecdotes et des &#8230;<\/div>\n<div class=\"pt-cv-rmwrap\"><a href=\"https:\/\/www.offlanges.fr\/index.php\/2026\/05\/01\/offlanges-en-scene\/\" class=\"_self pt-cv-readmore btn btn-success\" target=\"_self\" >Lire La Suite\u2026<\/a><\/div>\n<div class=\"pt-cv-meta-fields\"><span class=\"entry-date\"><span class=\"glyphicon glyphicon-calendar\"><\/span> <time datetime=\"2026-05-01T11:33:47+02:00\">1 mai 2026<\/time><\/span><\/div><\/div>\n<div class=\" pt-cv-content-item pt-cv-1-col\" ><div class=\"pt-cv-thumb-wrapper  \"><a href=\"https:\/\/www.offlanges.fr\/index.php\/2025\/12\/21\/dictionnaire-a-rousset\/\" class=\"_self pt-cv-href-thumbnail pt-cv-thumb-default\" target=\"_self\" ><img loading=\"lazy\" decoding=\"async\" width=\"768\" height=\"496\" src=\"https:\/\/www.offlanges.fr\/wp-content\/uploads\/2025\/12\/OfflangesPuis1-768x496.jpg\" class=\"pt-cv-thumbnail\" alt=\"\" srcset=\"https:\/\/www.offlanges.fr\/wp-content\/uploads\/2025\/12\/OfflangesPuis1-768x496.jpg 768w, https:\/\/www.offlanges.fr\/wp-content\/uploads\/2025\/12\/OfflangesPuis1-300x194.jpg 300w, https:\/\/www.offlanges.fr\/wp-content\/uploads\/2025\/12\/OfflangesPuis1.jpg 995w\" sizes=\"auto, (max-width: 768px) 100vw, 768px\" \/><\/a><\/div>\n<h4 class=\"pt-cv-title\"><a href=\"https:\/\/www.offlanges.fr\/index.php\/2025\/12\/21\/dictionnaire-a-rousset\/\" class=\"_self\" target=\"_self\" >Dictionnaire\u00a0A. ROUSSET<\/a><\/h4>\n<div class=\"pt-cv-content\">Extrait du \u00ab\u2009Dictionnaire G\u00e9ographique, Historique et Statistique des communes du d\u00e9partement du Jura\u2009\u00bb &#8211; Tome 4 (1856) &#8230;<\/div>\n<div class=\"pt-cv-rmwrap\"><a href=\"https:\/\/www.offlanges.fr\/index.php\/2025\/12\/21\/dictionnaire-a-rousset\/\" class=\"_self pt-cv-readmore btn btn-success\" target=\"_self\" >Lire La Suite\u2026<\/a><\/div>\n<div class=\"pt-cv-meta-fields\"><span class=\"entry-date\"><span class=\"glyphicon glyphicon-calendar\"><\/span> <time datetime=\"2025-12-21T17:00:39+01:00\">21 d\u00e9cembre 2025<\/time><\/span><\/div><\/div>\n<div class=\" pt-cv-content-item pt-cv-1-col\" ><div class=\"pt-cv-thumb-wrapper  \"><a href=\"https:\/\/www.offlanges.fr\/index.php\/2024\/05\/08\/aux-armees-le-23-mai-1940\/\" class=\"_self pt-cv-href-thumbnail pt-cv-thumb-default\" target=\"_self\" ><img loading=\"lazy\" decoding=\"async\" width=\"768\" height=\"986\" src=\"https:\/\/www.offlanges.fr\/wp-content\/uploads\/2025\/12\/Lettre1940-768x986.jpg\" class=\"pt-cv-thumbnail\" alt=\"\" srcset=\"https:\/\/www.offlanges.fr\/wp-content\/uploads\/2025\/12\/Lettre1940-768x986.jpg 768w, https:\/\/www.offlanges.fr\/wp-content\/uploads\/2025\/12\/Lettre1940-234x300.jpg 234w, https:\/\/www.offlanges.fr\/wp-content\/uploads\/2025\/12\/Lettre1940-798x1024.jpg 798w, https:\/\/www.offlanges.fr\/wp-content\/uploads\/2025\/12\/Lettre1940.jpg 1167w\" sizes=\"auto, (max-width: 768px) 100vw, 768px\" \/><\/a><\/div>\n<h4 class=\"pt-cv-title\"><a href=\"https:\/\/www.offlanges.fr\/index.php\/2024\/05\/08\/aux-armees-le-23-mai-1940\/\" class=\"_self\" target=\"_self\" >Aux arm\u00e9es, le 23 mai 1940<\/a><\/h4>\n<div class=\"pt-cv-content\">Lettre du front de Monsieur Maurice MONNIER, instituteur \u00e0 Offlanges, \u00e0 ses \u00e9l\u00e8ves, \u00e0 leurs parents et \u00e0 la population d&rsquo;Offlanges &#8230;<\/div>\n<div class=\"pt-cv-rmwrap\"><a href=\"https:\/\/www.offlanges.fr\/index.php\/2024\/05\/08\/aux-armees-le-23-mai-1940\/\" class=\"_self pt-cv-readmore btn btn-success\" target=\"_self\" >Lire La Suite\u2026<\/a><\/div>\n<div class=\"pt-cv-meta-fields\"><span class=\"entry-date\"><span class=\"glyphicon glyphicon-calendar\"><\/span> <time datetime=\"2024-05-08T15:56:00+02:00\">8 mai 2024<\/time><\/span><\/div><\/div>\n<div class=\" pt-cv-content-item pt-cv-1-col\" ><div class=\"pt-cv-thumb-wrapper  \"><a href=\"https:\/\/www.offlanges.fr\/index.php\/2023\/06\/09\/massif-de-la-serre\/\" class=\"_self pt-cv-href-thumbnail pt-cv-thumb-default\" target=\"_self\" ><img loading=\"lazy\" decoding=\"async\" width=\"768\" height=\"576\" src=\"https:\/\/www.offlanges.fr\/wp-content\/uploads\/2023\/06\/juratourisme-12578-a5-768x576.jpg\" class=\"pt-cv-thumbnail\" alt=\"\" srcset=\"https:\/\/www.offlanges.fr\/wp-content\/uploads\/2023\/06\/juratourisme-12578-a5-768x576.jpg 768w, https:\/\/www.offlanges.fr\/wp-content\/uploads\/2023\/06\/juratourisme-12578-a5-300x225.jpg 300w, https:\/\/www.offlanges.fr\/wp-content\/uploads\/2023\/06\/juratourisme-12578-a5-1024x768.jpg 1024w, https:\/\/www.offlanges.fr\/wp-content\/uploads\/2023\/06\/juratourisme-12578-a5-1536x1152.jpg 1536w, https:\/\/www.offlanges.fr\/wp-content\/uploads\/2023\/06\/juratourisme-12578-a5-2048x1536.jpg 2048w\" sizes=\"auto, (max-width: 768px) 100vw, 768px\" \/><\/a><\/div>\n<h4 class=\"pt-cv-title\"><a href=\"https:\/\/www.offlanges.fr\/index.php\/2023\/06\/09\/massif-de-la-serre\/\" class=\"_self\" target=\"_self\" >Massif de la Serre<\/a><\/h4>\n<div class=\"pt-cv-content\">Curiosit\u00e9 g\u00e9ologique situ\u00e9e au nord du d\u00e9partement du Jura, le massif forestier de la Serre m\u00e9rite d\u2019\u00eatre mieux connu pour de nombreuses raisons touchant des domaines aussi divers que l\u2019histoire &#8230;<\/div>\n<div class=\"pt-cv-rmwrap\"><a href=\"https:\/\/www.offlanges.fr\/index.php\/2023\/06\/09\/massif-de-la-serre\/\" class=\"_self pt-cv-readmore btn btn-success\" target=\"_self\" >Lire La Suite\u2026<\/a><\/div>\n<div class=\"pt-cv-meta-fields\"><span class=\"entry-date\"><span class=\"glyphicon glyphicon-calendar\"><\/span> <time datetime=\"2023-06-09T23:09:00+02:00\">9 juin 2023<\/time><\/span><\/div><\/div>\n<div class=\" pt-cv-content-item pt-cv-1-col\" ><div class=\"pt-cv-thumb-wrapper  \"><a href=\"https:\/\/www.offlanges.fr\/index.php\/2020\/07\/28\/nettoyage-du-village\/\" class=\"_self pt-cv-href-thumbnail pt-cv-thumb-default\" target=\"_self\" ><img loading=\"lazy\" decoding=\"async\" width=\"768\" height=\"342\" src=\"https:\/\/www.offlanges.fr\/wp-content\/uploads\/2025\/12\/OFFLANGES_VERRE_de_lamitie-768x342.jpg\" class=\"pt-cv-thumbnail\" alt=\"\" srcset=\"https:\/\/www.offlanges.fr\/wp-content\/uploads\/2025\/12\/OFFLANGES_VERRE_de_lamitie-768x342.jpg 768w, https:\/\/www.offlanges.fr\/wp-content\/uploads\/2025\/12\/OFFLANGES_VERRE_de_lamitie-300x134.jpg 300w, https:\/\/www.offlanges.fr\/wp-content\/uploads\/2025\/12\/OFFLANGES_VERRE_de_lamitie-1024x457.jpg 1024w, https:\/\/www.offlanges.fr\/wp-content\/uploads\/2025\/12\/OFFLANGES_VERRE_de_lamitie.jpg 1200w\" sizes=\"auto, (max-width: 768px) 100vw, 768px\" \/><\/a><\/div>\n<h4 class=\"pt-cv-title\"><a href=\"https:\/\/www.offlanges.fr\/index.php\/2020\/07\/28\/nettoyage-du-village\/\" class=\"_self\" target=\"_self\" >Nettoyage du village<\/a><\/h4>\n<div class=\"pt-cv-content\">Les \u00e9lus et les personnes volontaires d&rsquo;Offlanges ont effectu\u00e9 le nettoyage des rues du village les samedis matins 11 et 18 juillet : d\u00e9sherbage manuel, d\u00e9capage des caniveaux et \u00e9vacuation &#8230;<\/div>\n<div class=\"pt-cv-rmwrap\"><a href=\"https:\/\/www.offlanges.fr\/index.php\/2020\/07\/28\/nettoyage-du-village\/\" class=\"_self pt-cv-readmore btn btn-success\" target=\"_self\" >Lire La Suite\u2026<\/a><\/div>\n<div class=\"pt-cv-meta-fields\"><span class=\"entry-date\"><span class=\"glyphicon glyphicon-calendar\"><\/span> <time datetime=\"2020-07-28T23:53:00+02:00\">28 juillet 2020<\/time><\/span><\/div><\/div>\n<div class=\" pt-cv-content-item pt-cv-1-col\" ><div class=\"pt-cv-thumb-wrapper  \"><a href=\"https:\/\/www.offlanges.fr\/index.php\/2018\/07\/21\/eglise-notre-dame-de-lassomption-de-la-vierge-marie\/\" class=\"_self pt-cv-href-thumbnail pt-cv-thumb-default\" target=\"_self\" ><img loading=\"lazy\" decoding=\"async\" width=\"768\" height=\"928\" src=\"https:\/\/www.offlanges.fr\/wp-content\/uploads\/2025\/11\/Eglise1-768x928.jpg\" class=\"pt-cv-thumbnail\" alt=\"\" srcset=\"https:\/\/www.offlanges.fr\/wp-content\/uploads\/2025\/11\/Eglise1-768x928.jpg 768w, https:\/\/www.offlanges.fr\/wp-content\/uploads\/2025\/11\/Eglise1-248x300.jpg 248w, https:\/\/www.offlanges.fr\/wp-content\/uploads\/2025\/11\/Eglise1-848x1024.jpg 848w, https:\/\/www.offlanges.fr\/wp-content\/uploads\/2025\/11\/Eglise1-1272x1536.jpg 1272w, https:\/\/www.offlanges.fr\/wp-content\/uploads\/2025\/11\/Eglise1-1696x2048.jpg 1696w, https:\/\/www.offlanges.fr\/wp-content\/uploads\/2025\/11\/Eglise1.jpg 1944w\" sizes=\"auto, (max-width: 768px) 100vw, 768px\" \/><\/a><\/div>\n<h4 class=\"pt-cv-title\"><a href=\"https:\/\/www.offlanges.fr\/index.php\/2018\/07\/21\/eglise-notre-dame-de-lassomption-de-la-vierge-marie\/\" class=\"_self\" target=\"_self\" >\u00c9glise Notre Dame de l\u2019Assomption de la Vierge Marie<\/a><\/h4>\n<div class=\"pt-cv-content\">Au XIe si\u00e8cle, il y a mille ans, Offlanges formait d\u00e9j\u00e0 une paroisse attach\u00e9e \u00e0 l\u2019\u00e9glise m\u00e9tropolitaine de Besan\u00e7on. Suite aux guerres du XVe si\u00e8cle, la population ayant fortement diminu\u00e9, &#8230;<\/div>\n<div class=\"pt-cv-rmwrap\"><a href=\"https:\/\/www.offlanges.fr\/index.php\/2018\/07\/21\/eglise-notre-dame-de-lassomption-de-la-vierge-marie\/\" class=\"_self pt-cv-readmore btn btn-success\" target=\"_self\" >Lire La Suite\u2026<\/a><\/div>\n<div class=\"pt-cv-meta-fields\"><span class=\"entry-date\"><span class=\"glyphicon glyphicon-calendar\"><\/span> <time datetime=\"2018-07-21T09:52:33+02:00\">21 juillet 2018<\/time><\/span><\/div><\/div><\/div><\/div>\n<div class=\" pt-cv-pagination-wrapper\"><ul class=\"pt-cv-pagination pt-cv-ajax pagination\" data-totalpages=\"2\" data-currentpage=\"1\" data-sid=\"202rh7cb\" data-unid=\"\" data-isblock=\"grid1\" data-postid=\"0\"><li class=\"active\"><a href=\"#\">1<\/a><\/li>\n\t<li ><a class=\"\" href=\"https:\/\/www.offlanges.fr\/index.php\/wp-json\/wp\/v2\/pages\/2612\/?_page=2\">2<\/a><\/li>\n\t<li ><a class=\" \" href=\"https:\/\/www.offlanges.fr\/index.php\/wp-json\/wp\/v2\/pages\/2612\/?_page=2\">&rsaquo;<\/a><\/li>\n\t<\/ul><img loading=\"lazy\" decoding=\"async\" width=\"15\" height=\"15\" class=\"pt-cv-spinner\" alt=\"Chargement\u2026\" src=\"data:image\/gif;base64,R0lGODlhDwAPALMPAMrKygwMDJOTkz09PZWVla+vr3p6euTk5M7OzuXl5TMzMwAAAJmZmWZmZszMzP\/\/\/yH\/C05FVFNDQVBFMi4wAwEAAAAh+QQFCgAPACwAAAAADwAPAAAEQvDJaZaZOIcV8iQK8VRX4iTYoAwZ4iCYoAjZ4RxejhVNoT+mRGP4cyF4Pp0N98sBGIBMEMOotl6YZ3S61Bmbkm4mAgAh+QQFCgAPACwAAAAADQANAAAENPDJSRSZeA418itN8QiK8BiLITVsFiyBBIoYqnoewAD4xPw9iY4XLGYSjkQR4UAUD45DLwIAIfkEBQoADwAsAAAAAA8ACQAABC\/wyVlamTi3nSdgwFNdhEJgTJoNyoB9ISYoQmdjiZPcj7EYCAeCF1gEDo4Dz2eIAAAh+QQFCgAPACwCAAAADQANAAAEM\/DJBxiYeLKdX3IJZT1FU0iIg2RNKx3OkZVnZ98ToRD4MyiDnkAh6BkNC0MvsAj0kMpHBAAh+QQFCgAPACwGAAAACQAPAAAEMDC59KpFDll73HkAA2wVY5KgiK5b0RRoI6MuzG6EQqCDMlSGheEhUAgqgUUAFRySIgAh+QQFCgAPACwCAAIADQANAAAEM\/DJKZNLND\/kkKaHc3xk+QAMYDKsiaqmZCxGVjSFFCxB1vwy2oOgIDxuucxAMTAJFAJNBAAh+QQFCgAPACwAAAYADwAJAAAEMNAs86q1yaWwwv2Ig0jUZx3OYa4XoRAfwADXoAwfo1+CIjyFRuEho60aSNYlOPxEAAAh+QQFCgAPACwAAAIADQANAAAENPA9s4y8+IUVcqaWJ4qEQozSoAzoIyhCK2NFU2SJk0hNnyEOhKR2AzAAj4Pj4GE4W0bkJQIAOw==\" \/><div class=\"clear pt-cv-clear-pagination\"><\/div><\/div> <\/div> <style>\n\n#pt-cv-view-202rh7cb .pt-cv-meta-fields {  }#pt-cv-view-202rh7cb .pt-cv-meta-fields * { font-size: 13px; }.pt-cv-heading-container[data-blockid=\"202rh7cb\"] {  }.pt-cv-heading-container[data-blockid=\"202rh7cb\"] * { font-family: \"Georgia\";font-size: 40px; }#pt-cv-view-202rh7cb .pt-cv-thumb-wrapper:not(.miniwrap) {  }#pt-cv-view-202rh7cb .pt-cv-thumbnail:not(.pt-cv-thumbnailsm) { height: 250px; }#pt-cv-view-202rh7cb .pt-cv-title a { display: block;color: #024caa; }#pt-cv-view-202rh7cb .pt-cv-title:not(.pt-cv-titlesm) a { font-weight: 600;text-decoration: none;font-size: 20px; }#pt-cv-view-202rh7cb .pt-cv-titlesm a { font-weight: 600;font-size: 18px; }#pt-cv-view-202rh7cb .pt-cv-content { font-size: 15px; }#pt-cv-view-202rh7cb .pt-cv-rmwrap { text-align: right; }#pt-cv-view-202rh7cb .pt-cv-readmore { color: #fff;background-color: #024caa;font-size: 14px; }#pt-cv-view-202rh7cb .pt-cv-taxoterm {  }#pt-cv-view-202rh7cb .pt-cv-taxoterm * { color: #222;background-color: #fff6f6;font-size: 14px; }#pt-cv-view-202rh7cb + .pt-cv-pagination-wrapper {  }#pt-cv-view-202rh7cb + .pt-cv-pagination-wrapper a { font-size: 14px; }#pt-cv-view-202rh7cb > .pt-cv-page {grid-template-columns: repeat(3, 1fr);grid-gap: 20px;}#pt-cv-view-202rh7cb .pt-cv-title a:hover { color: #ff6900; }#pt-cv-view-202rh7cb .pt-cv-title:not(.pt-cv-titlesm) a:hover {  }#pt-cv-view-202rh7cb .pt-cv-rmwrap:hover {  }#pt-cv-view-202rh7cb .pt-cv-readmore:hover { background-color: #ff6900; }\n@media all and (max-width: 1024px) { \n#pt-cv-view-202rh7cb > .pt-cv-page {}\n} \n@media all and (max-width: 767px) { \n#pt-cv-view-202rh7cb > .pt-cv-page {grid-template-columns: repeat(1, 1fr);}\n} <\/style><link href='\/\/fonts.googleapis.com\/css?family=Georgia' rel='stylesheet' type='text\/css'>","protected":false},"excerpt":{"rendered":"","protected":false},"author":1,"featured_media":1997,"parent":0,"menu_order":0,"comment_status":"closed","ping_status":"closed","template":"vie-associative-et-culturelle","meta":{"footnotes":""},"class_list":["post-2612","page","type-page","status-publish","has-post-thumbnail","hentry"],"_links":{"self":[{"href":"https:\/\/www.offlanges.fr\/index.php\/wp-json\/wp\/v2\/pages\/2612","targetHints":{"allow":["GET"]}}],"collection":[{"href":"https:\/\/www.offlanges.fr\/index.php\/wp-json\/wp\/v2\/pages"}],"about":[{"href":"https:\/\/www.offlanges.fr\/index.php\/wp-json\/wp\/v2\/types\/page"}],"author":[{"embeddable":true,"href":"https:\/\/www.offlanges.fr\/index.php\/wp-json\/wp\/v2\/users\/1"}],"replies":[{"embeddable":true,"href":"https:\/\/www.offlanges.fr\/index.php\/wp-json\/wp\/v2\/comments?post=2612"}],"version-history":[{"count":36,"href":"https:\/\/www.offlanges.fr\/index.php\/wp-json\/wp\/v2\/pages\/2612\/revisions"}],"predecessor-version":[{"id":3877,"href":"https:\/\/www.offlanges.fr\/index.php\/wp-json\/wp\/v2\/pages\/2612\/revisions\/3877"}],"wp:featuredmedia":[{"embeddable":true,"href":"https:\/\/www.offlanges.fr\/index.php\/wp-json\/wp\/v2\/media\/1997"}],"wp:attachment":[{"href":"https:\/\/www.offlanges.fr\/index.php\/wp-json\/wp\/v2\/media?parent=2612"}],"curies":[{"name":"wp","href":"https:\/\/api.w.org\/{rel}","templated":true}]}}